{"id":55769,"date":"2020-11-11T02:17:27","date_gmt":"2020-11-11T02:17:27","guid":{"rendered":"http:\/\/lamalvasia.com\/?page_id=55769"},"modified":"2020-11-11T16:44:18","modified_gmt":"2020-11-11T16:44:18","slug":"covid-19","status":"publish","type":"page","link":"https:\/\/lamalvasia.com\/es\/covid-19\/","title":{"rendered":"COVID 19"},"content":{"rendered":"<div data-parent=\"true\" class=\"vc_row row-container boomapps_vcrow\" id=\"row-unique-0\"><div class=\"row limit-width row-parent\"><div class=\"wpb_row row-inner\"><div class=\"wpb_column pos-top pos-center align_left column_parent col-lg-12 boomapps_vccolumn single-internal-gutter\"><div class=\"uncol style-light\" style=\"max-width:80%; margin-left:auto; margin-right:auto;\"  ><div class=\"uncoltable\"><div class=\"uncell  boomapps_vccolumn no-block-padding\" ><div class=\"uncont\"><div class=\"uncode-single-media  text-left\"><div class=\"single-wrapper\" style=\"max-width: 100%;\"><div class=\"tmb tmb-light  tmb-media-first tmb-media-last tmb-content-overlay tmb-no-bg\">\n\t\t\t\t\t\t<div class=\"t-inside\"><div class=\"t-entry-visual\"><div class=\"t-entry-visual-tc\"><div class=\"uncode-single-media-wrapper\">\n\t\t\t\t\t\t\t\t\t<img class=\"wp-image-55776\" src=\"https:\/\/lamalvasia.com\/wp-content\/uploads\/2020\/11\/covid_19.jpg\" width=\"1124\" height=\"656\" alt=\"\" srcset=\"https:\/\/lamalvasia.com\/wp-content\/uploads\/2020\/11\/covid_19.jpg 1124w, https:\/\/lamalvasia.com\/wp-content\/uploads\/2020\/11\/covid_19-300x175.jpg 300w, https:\/\/lamalvasia.com\/wp-content\/uploads\/2020\/11\/covid_19-768x448.jpg 768w, https:\/\/lamalvasia.com\/wp-content\/uploads\/2020\/11\/covid_19-1024x598.jpg 1024w\" sizes=\"(max-width: 1124px) 100vw, 1124px\" \/><\/div>\n\t\t\t\t<\/div>\n\t\t\t<\/div><\/div>\n\t\t\t\t\t<\/div><\/div><\/div><div class=\"uncode_text_column\" ><\/p>\n<div class=\"column mcb-column mcb-item-phst32ajj one column_column\">\n<div class=\"column_attr clearfix\">\n<h3>ENGLISH<\/h3>\n<p>The health of our guests and our team is our highest priority. From Be Tenerife we want to give you a detailed vision of how will be your stay in any of our accommodations and on the island.<\/p>\n<ul>\n<li>A common denominator in all the of our properties is its privileged location and the immersive experience in natural environments. Whether on the edge of a cliff above the sea or in the middle of a large tropical garden.\u00a0<b>The Be Tenerife properties can be considered an island within the island<\/b>.<\/li>\n<li><b>Each villa is totally private for the guest<\/b>. The villa are equipped with 1-2 bedroom, kitchen, living room, bathroom and terrace for private use. Common areas such as swimming pool, gardens, reading and rest areas guarantee the safety guidance established by the WHO (World Health Organization) in terms of distance between guests.<\/li>\n<li><b>Maximum respect for the privacy &amp; living space of our guests<\/b>. We offers a tailored service to our guests. In this sense, we have developed a powerful network of telematics services that allow us to eliminate contact with guests who wish to feel totally isolated (*), without renouncing our personalized service.\n<ul>\n<li><b>Telematics check in \/ check out<\/b><\/li>\n<li><b>Guest concierge service&#8221; available at any time via sms \/ phone \/ mail<\/b><\/li>\n<li><b>Be Tenerife mobile application APP<\/b>. Travel guide to inspire our guest to explore the island and contract services and experiences in our accommodations and on the island.<\/li>\n<\/ul>\n<\/li>\n<li style=\"list-style-type: none;\">\n<ul>\n<li>\u00a0 (*) We will continue the personal service to guests who doesn&#8217;t mind to have the contact with our \u00a0 team members. We love being your travel partner in Tenerife and share with our guest our \u00a0 experiences.<\/li>\n<\/ul>\n<\/li>\n<li><b>Flexible cancellation policy for new reservations<\/b>, Free modification of dates in case of any incident related to COVID 19<\/li>\n<li><b>Meticulous cleaning protocol<\/b>\u00a0established by the WHO (World Health Organization) specific for the COVID 19. Find attached the details in the following\u00a0<a href=\"https:\/\/apps.who.int\/iris\/bitstream\/handle\/10665\/331638\/WHO-2019-nCoV-Hotels-2020.1-eng.pdf\">link<\/a>.<\/li>\n<li><b>Protocol Be Tenerife Staff members<\/b>. Each member of our staff is part of the Be Tenerife family, we take care of each other: Strict control of the self-safety regulations. Specific training has been carried out for the entire team. Meticulous work planning dividing the team by areas and time zones<\/li>\n<li><b>Protocol Be Tenerife staff members \u2013 Guests<\/b>. All above-mentioned measures aim to protect the physical and mental safety of our guests. You are our main concern:\n<ul>\n<li><b>Cleaning hours will be coordinated with the guest during the check-in\u00a0<\/b>in order to minimize contact with the cleaning team.<\/li>\n<li><b>Action protocol in case of infection<\/b>\u00a0coordinated with local health authorities and hospitals.<\/li>\n<li>Internal record of all\u00a0<b>interactions<\/b>\u00a0in case needed.<\/li>\n<\/ul>\n<\/li>\n<li>Check the current situation of COVID 19 in Tenerife in the following\u00a0<a href=\"https:\/\/grafcan1.maps.arcgis.com\/apps\/opsdashboard\/index.html\">link<\/a><\/li>\n<\/ul>\n<p>In Canary Islands we work hard every day so you can visit us in optimal conditions of safety, hygiene and quality. Ours is one of the lowest epidemiological indices in Europe and the lowest in Spain.<\/p>\n<p>In this sense, the Government of the Canary Islands requires 2 procedures to travel to the Canary Islands that are mandatory to ensure the safety of the travelers:<\/p>\n<ul>\n<li>FROM NOVEMBER 14 and no more than 72 hours before you travel: Test to diagnose active COVID-19 infection with negative result. This must be submitted when you check into your chosen tourist accommodation.Exceptionally, in the event that the tourist user does not accredit his submission to the diagnostic test, but demonstrates his availability to perform it, his access and overnight stay may be authorized for the time necessary to obtain the results. In this case, the tourist user will not be able to leave the room except to take the test and collect the results.<\/li>\n<li>Additionally, you must download and keep active during your stay on the islands, as well as the 15 days immediately after your return to your place of origin, the mobile application for the alert of contagions &#8220;Radar Covid&#8221;<\/li>\n<\/ul>\n<p>Detailed information in the following link of the Government of the Canary Islands:\u00a0<a href=\"https:\/\/www.hellocanaryislands.com\/coronavirus\/\" target=\"_blank\" rel=\"noopener noreferrer\">link<\/a><\/p>\n<\/div>\n<\/div>\n<div class=\"column mcb-column mcb-item-kc536nhit one column_column\">\n<div class=\"column_attr clearfix\">\n<h3>ESPA\u00d1OL<\/h3>\n<p>Asegurar la salud de nuestros hu\u00e9spedes y equipo es nuestra m\u00e1xima prioridad. Desde Be Tenerife queremos otorgarte una visi\u00f3n detallada de c\u00f3mo ser\u00e1 tu estancia en cualquiera de nuestros alojamientos as\u00ed como en la isla, en caso de que viajes desde el extranjero.<\/p>\n<ul>\n<li>Un denominador com\u00fan en todas las propiedades de Be Tenerife es su privilegiada localizaci\u00f3n y experiencia inmersiva en entornos naturales de gran diversidad. Ya sea al borde de un acantilado sobre el mar o en mitad de un inmenso jard\u00edn tropical.\u00a0<b>Son propiedades que podr\u00edamos considerar una isla dentro de la isla<\/b>.<\/li>\n<li>Cada una de\u00a0<b>nuestras villas son totalmente privadas para nuestros hu\u00e9spedes<\/b>. La villa de cada hu\u00e9sped esta equipada con 1\/2 dormitorio, cocina, sal\u00f3n, cuarto de ba\u00f1o y terraza de uso privativo. Las zonas comunes tales como piscina, jardines, \u00e1reas de lectura y descanso garantizan la seguridad recomendada por la OMS en cuanto a distancia entre hu\u00e9spedes.<\/li>\n<li><b>M\u00e1ximo respeto por el espacio vital \/ privacidad de nuestros hu\u00e9spedes<\/b>. Somos una empresa que ofrece un servicio de traje a medida a nuestros hu\u00e9spedes. En este sentido hemos desarrollado una potente red de servicios telem\u00e1ticos que nos permiten eliminar el contacto con los hu\u00e9spedes que deseen sentirse totalmente aislados (*), sin renunciar por ello a nuestro trato personalizado.\n<ul>\n<li>Gesti\u00f3n de\u00a0<b>check in \/ check out telem\u00e1tico<\/b><\/li>\n<li><b>Asignaci\u00f3n de un \u201cgestor de hu\u00e9sped\u201d<\/b>\u00a0disponible en todo momento v\u00eda sms \/ tel\u00e9fono \/ mail<\/li>\n<li>Nuestra\u00a0<b>Aplicaci\u00f3n m\u00f3vil APP<\/b>\u00a0de desarrollo propio como soporte de informaci\u00f3n y plataforma alternativa para contratar servicios, tanto en el alojamiento como en la isla.<\/li>\n<\/ul>\n<\/li>\n<li style=\"list-style-type: none;\">\n<ul>\n<li>\u00a0 (*) Seguiremos ofreciendo el mismo servicio de manera presencial a los hu\u00e9spedes que lo deseen. Nos encanta ser vuestro compa\u00f1ero de viaje en Tenerife e intercambiar nuestras vivencias.<\/li>\n<\/ul>\n<\/li>\n<li><b>Pol\u00edtica de cancelaci\u00f3n totalmente flexible para nuevas reservas<\/b>, Cambio de fechas en caso de cualquier incidencia relacionada con el COVID 19.<\/li>\n<li>Minucioso protocolo de limpieza establecido por la OMS especifico para el COVID 19 (Organizaci\u00f3n Mundial de la Salud). Adjunto\u00a0<a href=\"https:\/\/apps.who.int\/iris\/bitstream\/handle\/10665\/331638\/WHO-2019-nCoV-Hotels-2020.1-eng.pdf\">link<\/a>\u00a0con el detalle.<\/li>\n<li><b>Protocolo Empleado\u2013 Empleado<\/b>. Cada trabajador del equipo de Be Tenerife formamos una familia, y como tal cuidamos los unos de los otros: Estricto cumplimiento de la normativa de auto seguridad. Se ha realizado una formaci\u00f3n especifica a todo el equipo y realizamos una labor de planificaci\u00f3n muy minuciosa dividiendo el equipo por zonas y franjas horarias<\/li>\n<li><b>Protocolo Empleado \u2013 Hu\u00e9sped<\/b>. Todas las medidas enunciadas anteriormente tienen como objetivo proteger la seguridad f\u00edsica y mental de nuestros hu\u00e9spedes. Sois nuestra m\u00e1xima preocupaci\u00f3n:\n<ul>\n<li>Se consensuar\u00e1 con el hu\u00e9sped durante el check-in el horario de limpieza para minimizar el contacto.<\/li>\n<li>Protocolo de actuaci\u00f3n en caso de contagio coordinado con las autoridades sanitarias locales y centros hospitalarios.<\/li>\n<li>Registro interno de todas las interacciones<\/li>\n<\/ul>\n<\/li>\n<li>Consulta\u00a0<b>la situaci\u00f3n actual del COVID 19 en Tenerife<\/b>\u00a0en el siguiente\u00a0<a href=\"https:\/\/grafcan1.maps.arcgis.com\/apps\/opsdashboard\/index.html#\/156eddd4d6fa4ff1987468d1fd70efb6\">link<\/a><\/li>\n<\/ul>\n<p>En las Islas Canarias trabajamos intensamente cada d\u00eda para que puedas visitarnos con las m\u00e1ximas condiciones de seguridad, higiene y calidad. Actualmente contamos con uno de los \u00edndices epidemiol\u00f3gicos m\u00e1s bajos de Europa y el m\u00e1s bajo de Espa\u00f1a.<\/p>\n<p>En este sentido, el Gobierno de Canarias exige 2 tr\u00e1mites para viajar a Canarias de obligado cumplimiento para velar por la seguridad de nuestros viajeros:<\/p>\n<ul>\n<li>A PARTIR DEL 14 DE NOVIEMBRE DE 2020 y m\u00e1ximo 72 horas antes: Test de diagn\u00f3stico de infecci\u00f3n activa por COVID-19 con resultado negativo. Lo deber\u00e1s presentar durante el check in en el alojamiento tur\u00edstico de tu elecci\u00f3n.Excepcionalmente, en el supuesto de que el usuario tur\u00edstico no acredite su sometimiento al test diagn\u00f3stico, pero demuestre su disponibilidad para realiz\u00e1rselo, podr\u00e1 autorizarse su acceso y pernoctaci\u00f3n el tiempo imprescindible para obtener los resultados. En este caso, el usuario tur\u00edstico no podr\u00e1 abandonar la habitaci\u00f3n salvo para realizar el test y recoger los resultados.<\/li>\n<li>Adicionalmente deber\u00e1 descargar y mantener activa durante su estancia en las islas, as\u00ed como los 15 d\u00edas inmediatamente posteriores a su regreso a su lugar de origen, la aplicaci\u00f3n m\u00f3vil de alerta de contagios \u201cRadar Covid\u201d.<\/li>\n<\/ul>\n<p>Informaci\u00f3n detallada en el siguiente link del Gobierno de Canarias:<a href=\"https:\/\/www.holaislascanarias.com\/coronavirus\/?_ga=2.101486849.1072533656.1604764515-585100109.1589382112\" target=\"_blank\" rel=\"noopener noreferrer\">\u00a0link<\/a><\/p>\n<\/div>\n<\/div>\n<p>\n<\/div><\/div><\/div><\/div><\/div><\/div><script id=\"script-row-unique-0\" data-row=\"script-row-unique-0\" type=\"text\/javascript\" class=\"vc_controls\">UNCODE.initRow(document.getElementById(\"row-unique-0\"));<\/script><\/div><\/div><\/div>","protected":false},"excerpt":{"rendered":"ENGLISH The health of our guests and our team is our highest priority. From Be Tenerife we want to give [...]","protected":false},"author":2,"featured_media":0,"parent":0,"menu_order":0,"comment_status":"closed","ping_status":"closed","template":"","meta":[],"_links":{"self":[{"href":"https:\/\/lamalvasia.com\/es\/wp-json\/wp\/v2\/pages\/55769"}],"collection":[{"href":"https:\/\/lamalvasia.com\/es\/wp-json\/wp\/v2\/pages"}],"about":[{"href":"https:\/\/lamalvasia.com\/es\/wp-json\/wp\/v2\/types\/page"}],"author":[{"embeddable":true,"href":"https:\/\/lamalvasia.com\/es\/wp-json\/wp\/v2\/users\/2"}],"replies":[{"embeddable":true,"href":"https:\/\/lamalvasia.com\/es\/wp-json\/wp\/v2\/comments?post=55769"}],"version-history":[{"count":3,"href":"https:\/\/lamalvasia.com\/es\/wp-json\/wp\/v2\/pages\/55769\/revisions"}],"predecessor-version":[{"id":55778,"href":"https:\/\/lamalvasia.com\/es\/wp-json\/wp\/v2\/pages\/55769\/revisions\/55778"}],"wp:attachment":[{"href":"https:\/\/lamalvasia.com\/es\/wp-json\/wp\/v2\/media?parent=55769"}],"curies":[{"name":"wp","href":"https:\/\/api.w.org\/{rel}","templated":true}]}}